{"id":2274,"date":"2021-10-07T16:47:30","date_gmt":"2021-10-07T15:47:30","guid":{"rendered":"http:\/\/lepetitchatnoir.com\/?page_id=2274"},"modified":"2021-11-03T20:51:20","modified_gmt":"2021-11-03T19:51:20","slug":"a-propos","status":"publish","type":"page","link":"https:\/\/lepetitchatnoir.com\/index.php\/a-propos\/","title":{"rendered":"Nos Activit\u00e9s"},"content":{"rendered":"<div data-colibri-id=\"2274-c1\" class=\"style-1392 style-local-2274-c1 position-relative\">\n  <!---->\n  <div data-colibri-component=\"section\" data-colibri-id=\"2274-c2\" id=\"about-2\" class=\"h-section h-section-global-spacing d-flex align-items-lg-center align-items-md-center align-items-center style-1451 style-local-2274-c2 position-relative\">\n    <!---->\n    <!---->\n    <div class=\"h-section-grid-container h-section-boxed-container\">\n      <!---->\n      <div data-colibri-id=\"2274-c3\" class=\"h-row-container gutters-row-lg-0 gutters-row-md-0 gutters-row-0 gutters-row-v-lg-0 gutters-row-v-md-0 gutters-row-v-0 style-1452 style-local-2274-c3 position-relative\">\n        <!---->\n        <div class=\"h-row justify-content-lg-center justify-content-md-center justify-content-center align-items-lg-stretch align-items-md-stretch align-items-stretch gutters-col-lg-0 gutters-col-md-0 gutters-col-0 gutters-col-v-lg-0 gutters-col-v-md-0 gutters-col-v-0\">\n          <!---->\n          <div class=\"h-column h-column-container d-flex h-col-lg-auto h-col-md-auto h-col-auto style-1453-outer style-local-2274-c4-outer\">\n            <div data-colibri-id=\"2274-c4\" class=\"d-flex h-flex-basis h-column__inner h-ui-empty-state-container h-px-lg-0 h-px-md-0 h-px-0 v-inner-lg-0 v-inner-md-0 v-inner-0 style-1453 style-local-2274-c4 position-relative\">\n              <!---->\n              <!---->\n              <div class=\"w-100 h-y-container h-column__content h-column__v-align flex-basis-100\">\n                <!---->\n              <\/div>\n            <\/div>\n          <\/div>\n          <div class=\"h-column h-column-container d-flex h-col-lg-auto h-col-md-auto h-col-auto style-1454-outer style-local-2274-c5-outer\">\n            <div data-colibri-id=\"2274-c5\" class=\"d-flex h-flex-basis h-column__inner h-px-lg-2 h-px-md-2 h-px-2 v-inner-lg-2 v-inner-md-2 v-inner-2 style-1454 style-local-2274-c5 position-relative\">\n              <!---->\n              <!---->\n              <div class=\"w-100 h-y-container h-column__content h-column__v-align flex-basis-100 align-self-lg-start align-self-md-start align-self-start\">\n                <!---->\n                <div data-colibri-id=\"2274-c6\" class=\"h-global-transition-all h-heading style-1455 style-local-2274-c6 position-relative h-element\">\n                  <!---->\n                  <div class=\"h-heading__outer style-1455 style-local-2274-c6\">\n                    <!---->\n                    <!---->\n                    <h5 class=\"\">ACCOMPAGNEMENT D&rsquo;ARTISTES<\/h5>\n                  <\/div>\n                <\/div>\n                <div data-colibri-id=\"2274-c7\" class=\"h-global-transition-all h-heading style-1456 style-local-2274-c7 position-relative h-element\">\n                  <!---->\n                  <div class=\"h-heading__outer style-1456 style-local-2274-c7\">\n                    <!---->\n                    <!---->\n                    <h2 class=\"\">La mission premi\u00e8re de l&rsquo;association est <em style=\"font-family: Playfair Display;\">l&rsquo;accompagnement d&rsquo;artistes:<\/em><\/h2>\n                  <\/div>\n                <\/div>\n                <div data-colibri-id=\"2274-c8\" class=\"h-text h-text-component style-1457 style-local-2274-c8 position-relative h-element\">\n                  <!---->\n                  <!---->\n                  <div class=\"\">\n                    <p>L\u2019accompagner dans la production de divers projets : disques, livres, tourn\u00e9es. L\u2019aiguiller dans ses choix. \u00catre porteur de ses diff\u00e9rents projets aupr\u00e8s des professionnels de la musique. Travailler la diffusion de ses spectacles et\n                      leur production. Gestion des salariats des artistes et de leurs musiciens, etc. Promotion et strat\u00e9gie autour des sorties. Professionnalisation des artistes, mise en lien avec le r\u00e9seau pro. <\/p>\n                    <p>Artistes accompagn\u00e9s : La Piet\u00e0 : 3 EP, un album, un roman (2016-2021) . Ath\u00e9na\u00efs : Un album et une tourn\u00e9e (2016-2019). Kursed : Un EP, un album, signature chez un label au niveau national, mise en place du projet Dimon\u00e9-Kursed (2016-2019)<\/p>\n                  <\/div>\n                <\/div>\n              <\/div>\n            <\/div>\n          <\/div>\n        <\/div>\n      <\/div>\n    <\/div>\n  <\/div>\n  <div data-colibri-component=\"section\" data-colibri-id=\"2274-c9\" id=\"about-3\" class=\"h-section h-section-global-spacing d-flex align-items-lg-center align-items-md-center align-items-center style-1458 style-local-2274-c9 position-relative\">\n    <!---->\n    <!---->\n    <div class=\"h-section-grid-container h-section-boxed-container\">\n      <!---->\n      <div data-colibri-id=\"2274-c10\" class=\"h-row-container gutters-row-lg-0 gutters-row-md-0 gutters-row-0 gutters-row-v-lg-0 gutters-row-v-md-0 gutters-row-v-0 style-1459 style-local-2274-c10 position-relative\">\n        <!---->\n        <div class=\"h-row justify-content-lg-center justify-content-md-center justify-content-center align-items-lg-stretch align-items-md-stretch align-items-stretch gutters-col-lg-0 gutters-col-md-0 gutters-col-0 gutters-col-v-lg-0 gutters-col-v-md-0 gutters-col-v-0\">\n          <!---->\n          <div class=\"h-column h-column-container d-flex h-col-lg-auto h-col-md-auto h-col-auto style-1460-outer style-local-2274-c11-outer\">\n            <div data-colibri-id=\"2274-c11\" class=\"d-flex h-flex-basis h-column__inner h-px-lg-0 h-px-md-0 h-px-0 v-inner-lg-0 v-inner-md-0 v-inner-0 style-1460 style-local-2274-c11 position-relative\">\n              <!---->\n              <!---->\n              <div class=\"w-100 h-y-container h-column__content h-column__v-align flex-basis-100 align-self-lg-start align-self-md-start align-self-start\">\n                <!---->\n                <div data-colibri-id=\"2274-c12\" class=\"h-global-transition-all h-heading style-1461 style-local-2274-c12 position-relative h-element\">\n                  <!---->\n                  <div class=\"h-heading__outer style-1461 style-local-2274-c12\">\n                    <!---->\n                    <!---->\n                    <h5 class=\"\">LABEL SERVICE<\/h5>\n                  <\/div>\n                <\/div>\n                <div data-colibri-id=\"2274-c13\" class=\"h-global-transition-all h-heading style-1462 style-local-2274-c13 position-relative h-element\">\n                  <!---->\n                  <div class=\"h-heading__outer style-1462 style-local-2274-c13\">\n                    <!---->\n                    <!---->\n                    <h2 class=\"\">Toute une <em style=\"font-family: Playfair Display;\">panoplie <\/em> de <em style=\"font-family: Playfair Display;\">propositions<\/em> <\/h2>\n                  <\/div>\n                <\/div>\n                <div data-colibri-id=\"2274-c14\" class=\"h-text h-text-component style-1463 style-local-2274-c14 position-relative h-element\">\n                  <!---->\n                  <!---->\n                  <div class=\"\">\n                    <p>Missions plus ou moins longues aupr\u00e8s d\u2019artistes et\/ou labels avec toute une panoplie de propositions : Strat\u00e9gie, d\u00e9veloppement, administratif, aide au montage de dossiers de subventions, interventions artistiques etc. ( Travail avec\n                      Deer, Vox, Orage, Maison Close, Bagdad Rod\u00e9o, etc)<\/p>\n                  <\/div>\n                <\/div>\n              <\/div>\n            <\/div>\n          <\/div>\n          <div class=\"h-column h-column-container d-flex h-col-lg-auto h-col-md-auto h-col-auto style-1464-outer style-local-2274-c15-outer\">\n            <div data-colibri-id=\"2274-c15\" class=\"d-flex h-flex-basis h-column__inner h-ui-empty-state-container h-px-lg-2 h-px-md-2 h-px-2 v-inner-lg-2 v-inner-md-2 v-inner-2 style-1464 style-local-2274-c15 position-relative\">\n              <!---->\n              <!---->\n              <div class=\"w-100 h-y-container h-column__content h-column__v-align flex-basis-100\">\n                <!---->\n              <\/div>\n            <\/div>\n          <\/div>\n        <\/div>\n      <\/div>\n    <\/div>\n  <\/div>\n  <div data-colibri-component=\"section\" data-colibri-id=\"2274-c16\" id=\"about-4\" class=\"h-section h-section-global-spacing d-flex align-items-lg-center align-items-md-center align-items-center style-1465 style-local-2274-c16 position-relative\">\n    <!---->\n    <!---->\n    <div class=\"h-section-grid-container h-section-boxed-container\">\n      <!---->\n      <div data-colibri-id=\"2274-c17\" class=\"h-row-container gutters-row-lg-0 gutters-row-md-0 gutters-row-0 gutters-row-v-lg-0 gutters-row-v-md-0 gutters-row-v-0 style-1466 style-local-2274-c17 position-relative\">\n        <!---->\n        <div class=\"h-row justify-content-lg-center justify-content-md-center justify-content-center align-items-lg-stretch align-items-md-stretch align-items-stretch gutters-col-lg-0 gutters-col-md-0 gutters-col-0 gutters-col-v-lg-0 gutters-col-v-md-0 gutters-col-v-0\">\n          <!---->\n          <div class=\"h-column h-column-container d-flex h-col-lg-auto h-col-md-auto h-col-auto style-1467-outer style-local-2274-c18-outer\">\n            <div data-colibri-id=\"2274-c18\" class=\"d-flex h-flex-basis h-column__inner h-ui-empty-state-container h-px-lg-0 h-px-md-0 h-px-0 v-inner-lg-0 v-inner-md-0 v-inner-0 style-1467 style-local-2274-c18 position-relative\">\n              <!---->\n              <!---->\n              <div class=\"w-100 h-y-container h-column__content h-column__v-align flex-basis-100\">\n                <!---->\n              <\/div>\n            <\/div>\n          <\/div>\n          <div class=\"h-column h-column-container d-flex h-col-lg-auto h-col-md-auto h-col-auto style-1468-outer style-local-2274-c19-outer\">\n            <div data-colibri-id=\"2274-c19\" class=\"d-flex h-flex-basis h-column__inner h-px-lg-2 h-px-md-2 h-px-2 v-inner-lg-2 v-inner-md-2 v-inner-2 style-1468 style-local-2274-c19 position-relative\">\n              <!---->\n              <!---->\n              <div class=\"w-100 h-y-container h-column__content h-column__v-align flex-basis-100 align-self-lg-start align-self-md-start align-self-start\">\n                <!---->\n                <div data-colibri-id=\"2274-c20\" class=\"h-global-transition-all h-heading style-1469 style-local-2274-c20 position-relative h-element\">\n                  <!---->\n                  <div class=\"h-heading__outer style-1469 style-local-2274-c20\">\n                    <!---->\n                    <!---->\n                    <h5 class=\"\">\u00c9V\u00c8NEMENTIEL<\/h5>\n                  <\/div>\n                <\/div>\n                <div data-colibri-id=\"2274-c21\" class=\"h-global-transition-all h-heading style-1470 style-local-2274-c21 position-relative h-element\">\n                  <!---->\n                  <div class=\"h-heading__outer style-1470 style-local-2274-c21\">\n                    <!---->\n                    <!---->\n                    <h2 class=\"\"><em style=\"font-family: Playfair Display;\">Rock in loft<\/em> et <em style=\"font-family: Playfair Display;\">Le petit chat show: <\/em>Rayonnement et diffusion d&rsquo;artistes<\/h2>\n                  <\/div>\n                <\/div>\n                <div data-colibri-id=\"2274-c22\" class=\"h-text h-text-component style-1471 style-local-2274-c22 position-relative h-element\">\n                  <!---->\n                  <!---->\n                  <div class=\"\">\n                    <p>Depuis 2016, les Rock in Loft se sont fait leur place dans le paysage musical fran\u00e7ais. \u00c9v\u00e8nements organis\u00e9s en OFF des grands salons professionnels de la musique (Mama, Printemps de Bourges, Francofolies) , leur objetctif est de pr\u00e9senter\n                      des artistes en d\u00e9veloppement au r\u00e9seau des musiques actuelles, afin d\u2019aboutir \u00e0 des rencontres pro, signatures avec label, \u00e9diteur ou producteur de spectacle, pr\u00e9sentation aux m\u00e9dias, booking de dates en direct etc. L&rsquo;\u00e9v\u00e8nement\n                      a connu un v\u00e9ritable succ\u00e8s avec plus de 300 professionnels pr\u00e9sents \u00e0 chaque \u00e9dition, et a permis \u00e0 de nombreux artistes de se professionnaliser, et de signer sur des structures. En 2021, pour innover et trouver des solutions face\n                      \u00e0 la crise sanitaire, nous avons lanc\u00e9 \u201cLe petit chat show\u201d : \u00c9mission en direct et en livestream qui met en avant artistes, musique, initiatives locales et gastronomie. Le pilote tourn\u00e9 en mars 2021 ayant \u00e9norm\u00e9ment plus, le projet\n                      sera reconduit sur la fin de l\u2019ann\u00e9e puis en 2022.<\/p>\n                  <\/div>\n                <\/div>\n              <\/div>\n            <\/div>\n          <\/div>\n        <\/div>\n      <\/div>\n    <\/div>\n  <\/div>\n  <div data-colibri-component=\"section\" data-colibri-id=\"2274-c23\" id=\"about\" class=\"h-section h-section-global-spacing d-flex align-items-lg-center align-items-md-center align-items-center style-1491 style-local-2274-c23 position-relative\">\n    <!---->\n    <!---->\n    <div class=\"h-section-grid-container h-section-boxed-container\">\n      <!---->\n      <div data-colibri-id=\"2274-c24\" class=\"h-row-container gutters-row-lg-0 gutters-row-md-0 gutters-row-0 gutters-row-v-lg-0 gutters-row-v-md-0 gutters-row-v-0 style-1492 style-local-2274-c24 position-relative\">\n        <!---->\n        <div class=\"h-row justify-content-lg-center justify-content-md-center justify-content-center align-items-lg-stretch align-items-md-stretch align-items-stretch gutters-col-lg-0 gutters-col-md-0 gutters-col-0 gutters-col-v-lg-0 gutters-col-v-md-0 gutters-col-v-0\">\n          <!---->\n          <div class=\"h-column h-column-container d-flex h-col-lg-auto h-col-md-auto h-col-auto style-1493-outer style-local-2274-c25-outer\">\n            <div data-colibri-id=\"2274-c25\" class=\"d-flex h-flex-basis h-column__inner h-px-lg-0 h-px-md-0 h-px-0 v-inner-lg-0 v-inner-md-0 v-inner-0 style-1493 style-local-2274-c25 position-relative\">\n              <!---->\n              <!---->\n              <div class=\"w-100 h-y-container h-column__content h-column__v-align flex-basis-100 align-self-lg-start align-self-md-start align-self-start\">\n                <!---->\n                <div data-colibri-id=\"2274-c26\" class=\"h-global-transition-all h-heading style-1494 style-local-2274-c26 position-relative h-element\">\n                  <!---->\n                  <div class=\"h-heading__outer style-1494 style-local-2274-c26\">\n                    <!---->\n                    <!---->\n                    <h5 class=\"\">Actions Culturelles<\/h5>\n                  <\/div>\n                <\/div>\n                <div data-colibri-id=\"2274-c27\" class=\"h-global-transition-all h-heading style-1495 style-local-2274-c27 position-relative h-element\">\n                  <!---->\n                  <div class=\"h-heading__outer style-1495 style-local-2274-c27\">\n                    <!---->\n                    <!---->\n                    <h2 class=\"\">Au <em style=\"font-family: Playfair Display;\">coeur<\/em> de notre&nbsp; <em style=\"font-family: Playfair Display;\">activit\u00e9<\/em> <\/h2>\n                  <\/div>\n                <\/div>\n                <div data-colibri-id=\"2274-c28\" class=\"h-text h-text-component style-1496 style-local-2274-c28 position-relative h-element\">\n                  <!---->\n                  <!---->\n                  <div class=\"\">\n                    <p>le montage de projets reliant culture et social, et la mise en place d\u2019actions culturelles afin d\u2019amener la musique dans des lieux ou aupr\u00e8s de gens qui n\u2019en ont pas forc\u00e9ment acc\u00e8s. Nous mettons en place des actions courtes sous forme\n                      de rencontres ou des ateliers suivis sur plusieurs mois avec restitution du travail. Ces actions ont lieu dans des \u00e9tablissements scolaires, des Ehpad, \u00e9tablissements p\u00e9nitentiaires, h\u00f4pitaux, mais aussi en lien avec d\u2019autres associations\n                      : Associations de femmes en situation pr\u00e9caire, associations d\u2019aide aux migrants, chansigne, etc.<\/p>\n                  <\/div>\n                <\/div>\n              <\/div>\n            <\/div>\n          <\/div>\n          <div class=\"h-column h-column-container d-flex h-col-lg-auto h-col-md-auto h-col-auto style-1497-outer style-local-2274-c29-outer\">\n            <div data-colibri-id=\"2274-c29\" class=\"d-flex h-flex-basis h-column__inner h-ui-empty-state-container h-px-lg-2 h-px-md-2 h-px-2 v-inner-lg-2 v-inner-md-2 v-inner-2 style-1497 style-local-2274-c29 position-relative\">\n              <!---->\n              <!---->\n              <div class=\"w-100 h-y-container h-column__content h-column__v-align flex-basis-100\">\n                <!---->\n              <\/div>\n            <\/div>\n          <\/div>\n        <\/div>\n      <\/div>\n    <\/div>\n  <\/div>\n<\/div><p><\/p>","protected":false},"excerpt":{"rendered":"<p>ACCOMPAGNEMENT D&rsquo;ARTISTES La mission premi\u00e8re de l&rsquo;association est l&rsquo;accompagnement d&rsquo;artistes: L\u2019accompagner dans la production de divers projets : disques, livres, tourn\u00e9es. L\u2019aiguiller dans ses choix. \u00catre porteur de ses diff\u00e9rents projets aupr\u00e8s des professionnels de la musique. Travailler la diffusion de ses spectacles et leur production. Gestion des salariats des artistes et de leurs musiciens, [&hellip;]<\/p>\n","protected":false},"author":1,"featured_media":0,"parent":0,"menu_order":0,"comment_status":"closed","ping_status":"closed","template":"page-templates\/full-width-page.php","meta":[],"_links":{"self":[{"href":"https:\/\/lepetitchatnoir.com\/index.php\/wp-json\/wp\/v2\/pages\/2274"}],"collection":[{"href":"https:\/\/lepetitchatnoir.com\/index.php\/wp-json\/wp\/v2\/pages"}],"about":[{"href":"https:\/\/lepetitchatnoir.com\/index.php\/wp-json\/wp\/v2\/types\/page"}],"author":[{"embeddable":true,"href":"https:\/\/lepetitchatnoir.com\/index.php\/wp-json\/wp\/v2\/users\/1"}],"replies":[{"embeddable":true,"href":"https:\/\/lepetitchatnoir.com\/index.php\/wp-json\/wp\/v2\/comments?post=2274"}],"version-history":[{"count":15,"href":"https:\/\/lepetitchatnoir.com\/index.php\/wp-json\/wp\/v2\/pages\/2274\/revisions"}],"predecessor-version":[{"id":2946,"href":"https:\/\/lepetitchatnoir.com\/index.php\/wp-json\/wp\/v2\/pages\/2274\/revisions\/2946"}],"wp:attachment":[{"href":"https:\/\/lepetitchatnoir.com\/index.php\/wp-json\/wp\/v2\/media?parent=2274"}],"curies":[{"name":"wp","href":"https:\/\/api.w.org\/{rel}","templated":true}]}}